{"id":3,"date":"2025-10-02T18:30:35","date_gmt":"2025-10-02T16:30:35","guid":{"rendered":"http:\/\/agirpourfalaise.com\/?page_id=3"},"modified":"2025-10-05T18:55:46","modified_gmt":"2025-10-05T16:55:46","slug":"politique-de-confidentialite","status":"publish","type":"page","link":"https:\/\/agirpourfalaise.com\/index.php\/politique-de-confidentialite\/","title":{"rendered":"Politique de confidentialit\u00e9"},"content":{"rendered":"\t\t<div data-elementor-type=\"wp-page\" data-elementor-id=\"3\" class=\"elementor elementor-3\">\n\t\t\t\t<div class=\"elementor-element elementor-element-4d68a899 e-flex e-con-boxed e-con e-parent\" data-id=\"4d68a899\" data-element_type=\"container\" data-e-type=\"container\">\n\t\t\t\t\t<div class=\"e-con-inner\">\n\t\t\t\t<div class=\"elementor-element elementor-element-470fd971 elementor-widget elementor-widget-text-editor\" data-id=\"470fd971\" data-element_type=\"widget\" data-e-type=\"widget\" data-widget_type=\"text-editor.default\">\n\t\t\t\t\t\t\t\t\t<h1 data-start=\"342\" data-end=\"372\">Politique de confidentialit\u00e9<\/h1>\n<p data-start=\"374\" data-end=\"684\">La pr\u00e9sente politique de confidentialit\u00e9 a pour objectif d\u2019informer les utilisateurs du site <strong data-start=\"467\" data-end=\"496\">agirpourfalaise.com <\/strong>sur la mani\u00e8re dont leurs donn\u00e9es personnelles sont collect\u00e9es, utilis\u00e9es, prot\u00e9g\u00e9es et stock\u00e9es dans le cadre de la campagne municipale de Clara Dewa\u00eble\u00a0\u00e0 <strong data-start=\"670\" data-end=\"683\">Falaise<\/strong>.<\/p>\n<hr data-start=\"686\" data-end=\"689\" \/>\n<h2 data-start=\"691\" data-end=\"734\">1. Identit\u00e9 du responsable du traitement<\/h2>\n<p data-start=\"736\" data-end=\"782\">Le responsable du traitement des donn\u00e9es est :<\/p>\n<p data-start=\"784\" data-end=\"919\">Clara Dewa\u00eble<br data-start=\"824\" data-end=\"827\" \/><br data-start=\"882\" data-end=\"885\" \/>Email : contact@agirpourfalaise.com<\/p>\n<hr data-start=\"921\" data-end=\"924\" \/>\n<h2 data-start=\"926\" data-end=\"950\">2. Donn\u00e9es collect\u00e9es<\/h2>\n<p data-start=\"952\" data-end=\"1039\">Dans le cadre de l\u2019utilisation du site, les donn\u00e9es suivantes peuvent \u00eatre collect\u00e9es :<\/p>\n<ul data-start=\"1041\" data-end=\"1323\">\n<li data-start=\"1041\" data-end=\"1199\">\n<p data-start=\"1043\" data-end=\"1199\"><strong data-start=\"1043\" data-end=\"1071\">Donn\u00e9es d\u2019identification<\/strong> : nom, pr\u00e9nom, adresse e-mail, t\u00e9l\u00e9phone (lors de l\u2019inscription \u00e0 une newsletter, au formulaire de contact ou \u00e0 un \u00e9v\u00e9nement)<\/p>\n<\/li>\n<li data-start=\"1200\" data-end=\"1323\">\n<p data-start=\"1202\" data-end=\"1323\"><strong data-start=\"1202\" data-end=\"1227\">Donn\u00e9es de navigation<\/strong> : adresse IP, type de navigateur, pages consult\u00e9es (via cookies ou outils de mesure d\u2019audience)<\/p>\n<\/li>\n<\/ul>\n<hr data-start=\"1325\" data-end=\"1328\" \/>\n<h2 data-start=\"1330\" data-end=\"1360\">3. Finalit\u00e9s de la collecte<\/h2>\n<p data-start=\"1362\" data-end=\"1433\">Les donn\u00e9es personnelles sont collect\u00e9es pour les finalit\u00e9s suivantes :<\/p>\n<ul data-start=\"1435\" data-end=\"1670\">\n<li data-start=\"1435\" data-end=\"1469\">\n<p data-start=\"1437\" data-end=\"1469\">R\u00e9pondre aux demandes de contact<\/p>\n<\/li>\n<li data-start=\"1470\" data-end=\"1510\">\n<p data-start=\"1472\" data-end=\"1510\">G\u00e9rer les inscriptions \u00e0 la newsletter<\/p>\n<\/li>\n<li data-start=\"1511\" data-end=\"1568\">\n<p data-start=\"1513\" data-end=\"1568\">Informer les citoyens sur les actualit\u00e9s de la campagne<\/p>\n<\/li>\n<li data-start=\"1569\" data-end=\"1614\">\n<p data-start=\"1571\" data-end=\"1614\">Organiser des \u00e9v\u00e9nements li\u00e9s \u00e0 la campagne<\/p>\n<\/li>\n<li data-start=\"1615\" data-end=\"1670\">\n<p data-start=\"1617\" data-end=\"1670\">Mesurer l\u2019audience du site pour am\u00e9liorer son contenu<\/p>\n<\/li>\n<\/ul>\n<hr data-start=\"1672\" data-end=\"1675\" \/>\n<h2 data-start=\"1677\" data-end=\"1708\">4. Base l\u00e9gale du traitement<\/h2>\n<p data-start=\"1710\" data-end=\"1748\">Le traitement des donn\u00e9es repose sur :<\/p>\n<ul data-start=\"1750\" data-end=\"1974\">\n<li data-start=\"1750\" data-end=\"1868\">\n<p data-start=\"1752\" data-end=\"1868\"><strong data-start=\"1752\" data-end=\"1771\">Le consentement<\/strong> des utilisateurs (exprim\u00e9 lors de la soumission d\u2019un formulaire ou de l\u2019acceptation des cookies)<\/p>\n<\/li>\n<li data-start=\"1869\" data-end=\"1974\">\n<p data-start=\"1871\" data-end=\"1974\"><strong data-start=\"1871\" data-end=\"1893\">L\u2019int\u00e9r\u00eat l\u00e9gitime<\/strong> de la campagne \u00e0 informer les citoyens et \u00e0 organiser sa communication politique<\/p>\n<\/li>\n<\/ul>\n<hr data-start=\"1976\" data-end=\"1979\" \/>\n<h2 data-start=\"1981\" data-end=\"2008\">5. Dur\u00e9e de conservation<\/h2>\n<p data-start=\"2010\" data-end=\"2242\">Les donn\u00e9es personnelles sont conserv\u00e9es uniquement pendant la dur\u00e9e de la campagne \u00e9lectorale et, le cas \u00e9ch\u00e9ant, jusqu\u2019\u00e0 6 mois apr\u00e8s la fin de celle-ci, sauf obligation l\u00e9gale contraire ou demande de suppression de l\u2019utilisateur.<\/p>\n<hr data-start=\"2244\" data-end=\"2247\" \/>\n<h2 data-start=\"2249\" data-end=\"2280\">6. Destinataires des donn\u00e9es<\/h2>\n<p data-start=\"2282\" data-end=\"2479\">Les donn\u00e9es personnelles sont destin\u00e9es exclusivement \u00e0 l\u2019\u00e9quipe de campagne de Clara Dewa\u00eble.<br data-start=\"2393\" data-end=\"2396\" \/>Elles <strong data-start=\"2402\" data-end=\"2454\">ne sont jamais vendues ni transmises \u00e0 des tiers<\/strong> \u00e0 des fins commerciales.<\/p>\n<p data-start=\"2481\" data-end=\"2722\">Elles peuvent \u00eatre h\u00e9berg\u00e9es chez des prestataires techniques (ex. : h\u00e9bergeur OVH, &#8230;) qui agissent en tant que <strong data-start=\"2611\" data-end=\"2629\">sous-traitants<\/strong> au sens du RGPD et sont contractuellement tenus de respecter la confidentialit\u00e9 des donn\u00e9es.<\/p>\n<hr data-start=\"2724\" data-end=\"2727\" \/>\n<h2 data-start=\"2729\" data-end=\"2745\">7. Vos droits<\/h2>\n<p data-start=\"2747\" data-end=\"2827\">Conform\u00e9ment \u00e0 la r\u00e9glementation en vigueur, vous disposez des droits suivants :<\/p>\n<ul data-start=\"2829\" data-end=\"3043\">\n<li data-start=\"2829\" data-end=\"2862\">\n<p data-start=\"2831\" data-end=\"2862\"><strong data-start=\"2831\" data-end=\"2848\">Droit d\u2019acc\u00e8s<\/strong> \u00e0 vos donn\u00e9es<\/p>\n<\/li>\n<li data-start=\"2863\" data-end=\"2915\">\n<p data-start=\"2865\" data-end=\"2915\"><strong data-start=\"2865\" data-end=\"2891\">Droit de rectification<\/strong> si elles sont inexactes<\/p>\n<\/li>\n<li data-start=\"2916\" data-end=\"2954\">\n<p data-start=\"2918\" data-end=\"2954\"><strong data-start=\"2918\" data-end=\"2940\">Droit d\u2019opposition<\/strong> au traitement<\/p>\n<\/li>\n<li data-start=\"2955\" data-end=\"2999\">\n<p data-start=\"2957\" data-end=\"2999\"><strong data-start=\"2957\" data-end=\"2981\">Droit de suppression<\/strong> (droit \u00e0 l\u2019oubli)<\/p>\n<\/li>\n<li data-start=\"3000\" data-end=\"3043\">\n<p data-start=\"3002\" data-end=\"3043\"><strong data-start=\"3002\" data-end=\"3028\">Droit \u00e0 la portabilit\u00e9<\/strong> de vos donn\u00e9es<\/p>\n<\/li>\n<\/ul>\n<p data-start=\"3045\" data-end=\"3093\">Pour exercer vos droits, vous pouvez contacter :<\/p>\n<p data-start=\"3095\" data-end=\"3228\">Clara Dewa\u00eble<br data-start=\"3146\" data-end=\"3149\" \/>Email : contact@agirpourfalaise.com<br data-start=\"3184\" data-end=\"3187\" \/><br \/><\/p>\n<p data-start=\"3230\" data-end=\"3293\">Une r\u00e9ponse vous sera apport\u00e9e dans un d\u00e9lai maximum d\u2019un mois.<\/p>\n<hr data-start=\"3295\" data-end=\"3298\" \/>\n<h2 data-start=\"3300\" data-end=\"3313\">8. Cookies<\/h2>\n<p data-start=\"3315\" data-end=\"3355\">Le site peut utiliser des cookies pour :<\/p>\n<ul data-start=\"3357\" data-end=\"3468\">\n<li data-start=\"3357\" data-end=\"3382\">\n<p data-start=\"3359\" data-end=\"3382\">Faciliter la navigation<\/p>\n<\/li>\n<li data-start=\"3383\" data-end=\"3431\">\n<p data-start=\"3385\" data-end=\"3431\">Mesurer l\u2019audience (Google Analytics ou autre)<\/p>\n<\/li>\n<li data-start=\"3432\" data-end=\"3468\">\n<p data-start=\"3434\" data-end=\"3468\">Am\u00e9liorer l\u2019exp\u00e9rience utilisateur<\/p>\n<\/li>\n<\/ul>\n<p data-start=\"3470\" data-end=\"3673\">Lors de votre premi\u00e8re visite, vous pouvez accepter ou refuser l\u2019usage des cookies via le bandeau d\u2019information. Vous pouvez \u00e9galement les d\u00e9sactiver \u00e0 tout moment via les param\u00e8tres de votre navigateur.<\/p>\n<hr data-start=\"3675\" data-end=\"3678\" \/>\n<h2 data-start=\"3680\" data-end=\"3694\">9. S\u00e9curit\u00e9<\/h2>\n<p data-start=\"3696\" data-end=\"3859\">Des mesures techniques et organisationnelles sont mises en place pour prot\u00e9ger les donn\u00e9es contre l\u2019acc\u00e8s non autoris\u00e9, la perte, la divulgation ou la destruction.<\/p>\n<hr data-start=\"3861\" data-end=\"3864\" \/>\n<h2 data-start=\"3866\" data-end=\"3921\">10. Modifications de la politique de confidentialit\u00e9<\/h2>\n<p data-start=\"3923\" data-end=\"4084\">Cette politique peut \u00eatre mise \u00e0 jour \u00e0 tout moment.<br data-start=\"3975\" data-end=\"3978\" \/>Les utilisateurs seront inform\u00e9s de toute modification importante via le site ou par email, si applicable.<\/p>\n<hr data-start=\"4086\" data-end=\"4089\" \/>\n<p data-start=\"4091\" data-end=\"4124\"><strong data-start=\"4091\" data-end=\"4117\">Derni\u00e8re mise \u00e0 jour :<\/strong> 28\/09\/2025<\/p>\t\t\t\t\t\t\t\t<\/div>\n\t\t\t\t\t<\/div>\n\t\t\t\t<\/div>\n\t\t\t\t<\/div>\n\t\t","protected":false},"excerpt":{"rendered":"<p>Politique de confidentialit\u00e9 La pr\u00e9sente politique de confidentialit\u00e9 a pour objectif d\u2019informer les utilisateurs du site agirpourfalaise.com sur la mani\u00e8re dont leurs donn\u00e9es personnelles sont collect\u00e9es, utilis\u00e9es, prot\u00e9g\u00e9es et stock\u00e9es [&hellip;]<\/p>\n","protected":false},"author":2,"featured_media":0,"parent":0,"menu_order":0,"comment_status":"closed","ping_status":"closed","template":"","meta":{"_price":"","_stock":"","_tribe_ticket_header":"","_tribe_default_ticket_provider":"","_tribe_ticket_capacity":"0","_ticket_start_date":"","_ticket_end_date":"","_tribe_ticket_show_description":"","_tribe_ticket_show_not_going":false,"_tribe_ticket_use_global_stock":"","_tribe_ticket_global_stock_level":"","_global_stock_mode":"","_global_stock_cap":"","_tribe_rsvp_for_event":"","_tribe_ticket_going_count":"","_tribe_ticket_not_going_count":"","_tribe_tickets_list":"[]","_tribe_ticket_has_attendee_info_fields":false,"ocean_post_layout":"","ocean_both_sidebars_style":"","ocean_both_sidebars_content_width":0,"ocean_both_sidebars_sidebars_width":0,"ocean_sidebar":"","ocean_second_sidebar":"","ocean_disable_margins":"enable","ocean_add_body_class":"","ocean_shortcode_before_top_bar":"","ocean_shortcode_after_top_bar":"","ocean_shortcode_before_header":"","ocean_shortcode_after_header":"","ocean_has_shortcode":"","ocean_shortcode_after_title":"","ocean_shortcode_before_footer_widgets":"","ocean_shortcode_after_footer_widgets":"","ocean_shortcode_before_footer_bottom":"","ocean_shortcode_after_footer_bottom":"","ocean_display_top_bar":"default","ocean_display_header":"default","ocean_header_style":"","ocean_center_header_left_menu":"","ocean_custom_header_template":"","ocean_custom_logo":0,"ocean_custom_retina_logo":0,"ocean_custom_logo_max_width":0,"ocean_custom_logo_tablet_max_width":0,"ocean_custom_logo_mobile_max_width":0,"ocean_custom_logo_max_height":0,"ocean_custom_logo_tablet_max_height":0,"ocean_custom_logo_mobile_max_height":0,"ocean_header_custom_menu":"","ocean_menu_typo_font_family":"","ocean_menu_typo_font_subset":"","ocean_menu_typo_font_size":0,"ocean_menu_typo_font_size_tablet":0,"ocean_menu_typo_font_size_mobile":0,"ocean_menu_typo_font_size_unit":"px","ocean_menu_typo_font_weight":"","ocean_menu_typo_font_weight_tablet":"","ocean_menu_typo_font_weight_mobile":"","ocean_menu_typo_transform":"","ocean_menu_typo_transform_tablet":"","ocean_menu_typo_transform_mobile":"","ocean_menu_typo_line_height":0,"ocean_menu_typo_line_height_tablet":0,"ocean_menu_typo_line_height_mobile":0,"ocean_menu_typo_line_height_unit":"","ocean_menu_typo_spacing":0,"ocean_menu_typo_spacing_tablet":0,"ocean_menu_typo_spacing_mobile":0,"ocean_menu_typo_spacing_unit":"","ocean_menu_link_color":"","ocean_menu_link_color_hover":"","ocean_menu_link_color_active":"","ocean_menu_link_background":"","ocean_menu_link_hover_background":"","ocean_menu_link_active_background":"","ocean_menu_social_links_bg":"","ocean_menu_social_hover_links_bg":"","ocean_menu_social_links_color":"","ocean_menu_social_hover_links_color":"","ocean_disable_title":"default","ocean_disable_heading":"default","ocean_post_title":"","ocean_post_subheading":"","ocean_post_title_style":"","ocean_post_title_background_color":"","ocean_post_title_background":0,"ocean_post_title_bg_image_position":"","ocean_post_title_bg_image_attachment":"","ocean_post_title_bg_image_repeat":"","ocean_post_title_bg_image_size":"","ocean_post_title_height":0,"ocean_post_title_bg_overlay":0.5,"ocean_post_title_bg_overlay_color":"","ocean_disable_breadcrumbs":"default","ocean_breadcrumbs_color":"","ocean_breadcrumbs_separator_color":"","ocean_breadcrumbs_links_color":"","ocean_breadcrumbs_links_hover_color":"","ocean_display_footer_widgets":"default","ocean_display_footer_bottom":"default","ocean_custom_footer_template":"","omw_enable_modal_window":"enable","osh_disable_topbar_sticky":"default","osh_disable_header_sticky":"default","osh_sticky_header_style":"default","osh_sticky_header_effect":"","osh_custom_sticky_logo":0,"osh_custom_retina_sticky_logo":0,"osh_custom_sticky_logo_height":0,"osh_background_color":"","osh_links_color":"","osh_links_hover_color":"","osh_links_active_color":"","osh_links_bg_color":"","osh_links_hover_bg_color":"","osh_links_active_bg_color":"","osh_menu_social_links_color":"","osh_menu_social_hover_links_color":"","footnotes":"","_tec_slr_enabled":"","_tec_slr_layout":""},"class_list":["post-3","page","type-page","status-publish","hentry","entry"],"ticketed":false,"_links":{"self":[{"href":"https:\/\/agirpourfalaise.com\/index.php\/wp-json\/wp\/v2\/pages\/3","targetHints":{"allow":["GET"]}}],"collection":[{"href":"https:\/\/agirpourfalaise.com\/index.php\/wp-json\/wp\/v2\/pages"}],"about":[{"href":"https:\/\/agirpourfalaise.com\/index.php\/wp-json\/wp\/v2\/types\/page"}],"author":[{"embeddable":true,"href":"https:\/\/agirpourfalaise.com\/index.php\/wp-json\/wp\/v2\/users\/2"}],"replies":[{"embeddable":true,"href":"https:\/\/agirpourfalaise.com\/index.php\/wp-json\/wp\/v2\/comments?post=3"}],"version-history":[{"count":5,"href":"https:\/\/agirpourfalaise.com\/index.php\/wp-json\/wp\/v2\/pages\/3\/revisions"}],"predecessor-version":[{"id":871,"href":"https:\/\/agirpourfalaise.com\/index.php\/wp-json\/wp\/v2\/pages\/3\/revisions\/871"}],"wp:attachment":[{"href":"https:\/\/agirpourfalaise.com\/index.php\/wp-json\/wp\/v2\/media?parent=3"}],"curies":[{"name":"wp","href":"https:\/\/api.w.org\/{rel}","templated":true}]}}