{"id":885,"date":"2025-10-02T18:30:59","date_gmt":"2025-10-02T16:30:59","guid":{"rendered":"https:\/\/agirpourfalaise.com\/?page_id=885"},"modified":"2025-10-05T18:54:44","modified_gmt":"2025-10-05T16:54:44","slug":"mentions-legales","status":"publish","type":"page","link":"https:\/\/agirpourfalaise.com\/index.php\/mentions-legales\/","title":{"rendered":"Mentions l\u00e9gales"},"content":{"rendered":"\t\t<div data-elementor-type=\"wp-page\" data-elementor-id=\"885\" class=\"elementor elementor-885\">\n\t\t\t\t<div class=\"elementor-element elementor-element-d9fb789 e-flex e-con-boxed e-con e-parent\" data-id=\"d9fb789\" data-element_type=\"container\" data-e-type=\"container\">\n\t\t\t\t\t<div class=\"e-con-inner\">\n\t\t<div class=\"elementor-element elementor-element-0d3de72 e-con-full e-flex e-con e-child\" data-id=\"0d3de72\" data-element_type=\"container\" data-e-type=\"container\">\n\t\t\t\t<div class=\"elementor-element elementor-element-7b3bf06 elementor-widget elementor-widget-heading\" data-id=\"7b3bf06\" data-element_type=\"widget\" data-e-type=\"widget\" data-widget_type=\"heading.default\">\n\t\t\t\t\t<h2 class=\"elementor-heading-title elementor-size-default\">Mentions L\u00e9gales<\/h2>\t\t\t\t<\/div>\n\t\t\t\t<div class=\"elementor-element elementor-element-8fdb5a1 elementor-widget elementor-widget-text-editor\" data-id=\"8fdb5a1\" data-element_type=\"widget\" data-e-type=\"widget\" data-widget_type=\"text-editor.default\">\n\t\t\t\t\t\t\t\t\t<p>Conform\u00e9ment aux articles 6-III et 19 de la <strong data-start=\"297\" data-end=\"383\">Loi n\u00b0 2004-575 du 21 juin 2004 pour la Confiance dans l\u2019\u00e9conomie num\u00e9rique (LCEN)<\/strong>, aux dispositions du <strong data-start=\"405\" data-end=\"423\">Code \u00e9lectoral<\/strong>, et au <strong data-start=\"431\" data-end=\"489\">R\u00e8glement G\u00e9n\u00e9ral sur la Protection des Donn\u00e9es (RGPD)<\/strong>, les utilisateurs du site agirpourfalaise.com sont inform\u00e9s des \u00e9l\u00e9ments suivants :<\/p>\t\t\t\t\t\t\t\t<\/div>\n\t\t\t\t<\/div>\n\t\t\t\t<div class=\"elementor-element elementor-element-48a72f3 elementor-widget elementor-widget-heading\" data-id=\"48a72f3\" data-element_type=\"widget\" data-e-type=\"widget\" data-widget_type=\"heading.default\">\n\t\t\t\t\t<h2 class=\"elementor-heading-title elementor-size-default\">1. \u00c9diteur du site<\/h2>\t\t\t\t<\/div>\n\t\t\t\t<div class=\"elementor-element elementor-element-9609d40 elementor-widget elementor-widget-text-editor\" data-id=\"9609d40\" data-element_type=\"widget\" data-e-type=\"widget\" data-widget_type=\"text-editor.default\">\n\t\t\t\t\t\t\t\t\t<p data-start=\"609\" data-end=\"962\"><strong data-start=\"609\" data-end=\"624\">Nom du site<\/strong> : agirpourfalaise.com<br data-start=\"652\" data-end=\"655\" \/><strong data-start=\"655\" data-end=\"685\">Responsable de publication<\/strong> : Clara Dewa\u00eble<br data-start=\"831\" data-end=\"834\" \/><strong data-start=\"834\" data-end=\"854\">Email de contact<\/strong> : contact@agirpourfalaise.com<\/p><p data-start=\"1047\" data-end=\"1226\">Ce site est \u00e9dit\u00e9 dans le cadre de la campagne municipale de Clara Dewa\u00eble, candidate \u00e0 l\u2019\u00e9lection municipale de Falaise pour le scrutin de 15 et 22 mars 2026 .<\/p>\t\t\t\t\t\t\t\t<\/div>\n\t\t\t\t<div class=\"elementor-element elementor-element-0574c24 elementor-widget elementor-widget-heading\" data-id=\"0574c24\" data-element_type=\"widget\" data-e-type=\"widget\" data-widget_type=\"heading.default\">\n\t\t\t\t\t<h2 class=\"elementor-heading-title elementor-size-default\">2. H\u00e9bergement<\/h2>\t\t\t\t<\/div>\n\t\t\t\t<div class=\"elementor-element elementor-element-8b1108c elementor-widget elementor-widget-text-editor\" data-id=\"8b1108c\" data-element_type=\"widget\" data-e-type=\"widget\" data-widget_type=\"text-editor.default\">\n\t\t\t\t\t\t\t\t\t<p><strong data-start=\"1252\" data-end=\"1265\">H\u00e9bergeur<\/strong> : OVH<br data-start=\"1325\" data-end=\"1328\" \/><strong data-start=\"1328\" data-end=\"1354\">Adresse de l\u2019h\u00e9bergeur<\/strong> : 2 rue kellermann BP 80157 59053 ROUBAIX CEDEX 1 &#8211; France<br data-start=\"1375\" data-end=\"1378\" \/><strong data-start=\"1378\" data-end=\"1391\">T\u00e9l\u00e9phone<\/strong> : +33 972 10 10 07<br data-start=\"1430\" data-end=\"1433\" \/><strong data-start=\"1433\" data-end=\"1445\">Site web<\/strong> : https:\/\/www.ovhcloud.com<\/p>\t\t\t\t\t\t\t\t<\/div>\n\t\t\t\t<div class=\"elementor-element elementor-element-f2827c0 elementor-widget elementor-widget-heading\" data-id=\"f2827c0\" data-element_type=\"widget\" data-e-type=\"widget\" data-widget_type=\"heading.default\">\n\t\t\t\t\t<h2 class=\"elementor-heading-title elementor-size-default\">3. Propri\u00e9t\u00e9 intellectuelle<\/h2>\t\t\t\t<\/div>\n\t\t\t\t<div class=\"elementor-element elementor-element-dd99bd2 elementor-widget elementor-widget-text-editor\" data-id=\"dd99bd2\" data-element_type=\"widget\" data-e-type=\"widget\" data-widget_type=\"text-editor.default\">\n\t\t\t\t\t\t\t\t\t<p data-start=\"1507\" data-end=\"1787\">Les contenus pr\u00e9sents sur le site (textes, images, vid\u00e9os, documents, logos&#8230;) sont la propri\u00e9t\u00e9 de Clara Dewa\u00eble ou de l\u2019\u00e9quipe de campagne, sauf mention contraire.<br data-start=\"1686\" data-end=\"1689\" \/>Toute reproduction ou diffusion, m\u00eame partielle, est interdite sans autorisation \u00e9crite pr\u00e9alable.<\/p><hr data-start=\"1789\" data-end=\"1792\" \/>\t\t\t\t\t\t\t\t<\/div>\n\t\t\t\t<div class=\"elementor-element elementor-element-15d7a33 elementor-widget elementor-widget-heading\" data-id=\"15d7a33\" data-element_type=\"widget\" data-e-type=\"widget\" data-widget_type=\"heading.default\">\n\t\t\t\t\t<h2 class=\"elementor-heading-title elementor-size-default\">4. Responsabilit\u00e9<\/h2>\t\t\t\t<\/div>\n\t\t\t\t<div class=\"elementor-element elementor-element-643ed44 elementor-widget elementor-widget-text-editor\" data-id=\"643ed44\" data-element_type=\"widget\" data-e-type=\"widget\" data-widget_type=\"text-editor.default\">\n\t\t\t\t\t\t\t\t\t<p data-start=\"1816\" data-end=\"2109\">Les informations diffus\u00e9es sur ce site sont fournies \u00e0 titre informatif et peuvent \u00eatre modifi\u00e9es \u00e0 tout moment.<br data-start=\"1928\" data-end=\"1931\" \/>Clara Dewa\u00eble ou son \u00e9quipe ne saurait \u00eatre tenue responsable des erreurs ou omissions dans le contenu du site, ni de l\u2019usage qui en est fait par les utilisateurs.<\/p><p data-start=\"2111\" data-end=\"2258\">Les liens vers des sites tiers sont fournis \u00e0 titre de service ; Agirpourfalaise.com d\u00e9cline toute responsabilit\u00e9 quant au contenu de ces sites externes.<\/p><hr data-start=\"1789\" data-end=\"1792\" \/>\t\t\t\t\t\t\t\t<\/div>\n\t\t\t\t<div class=\"elementor-element elementor-element-416cd12 elementor-widget elementor-widget-heading\" data-id=\"416cd12\" data-element_type=\"widget\" data-e-type=\"widget\" data-widget_type=\"heading.default\">\n\t\t\t\t\t<h2 class=\"elementor-heading-title elementor-size-default\">5. Donn\u00e9es personnelles<\/h2>\t\t\t\t<\/div>\n\t\t\t\t<div class=\"elementor-element elementor-element-6040ee0 elementor-widget elementor-widget-text-editor\" data-id=\"6040ee0\" data-element_type=\"widget\" data-e-type=\"widget\" data-widget_type=\"text-editor.default\">\n\t\t\t\t\t\t\t\t\t<p data-start=\"2293\" data-end=\"2501\">Les donn\u00e9es collect\u00e9es sur ce site (formulaires de contact, inscriptions \u00e0 des \u00e9v\u00e9nements, newsletter, etc.) sont destin\u00e9es uniquement \u00e0 l\u2019organisation de la campagne municipale de Clara Dewa\u00eble.<\/p><p data-start=\"2503\" data-end=\"2770\">Conform\u00e9ment au <strong data-start=\"2519\" data-end=\"2527\">RGPD<\/strong> et \u00e0 la <strong data-start=\"2536\" data-end=\"2568\">loi Informatique et Libert\u00e9s<\/strong>, vous disposez d\u2019un droit d\u2019acc\u00e8s, de rectification, d\u2019opposition, de portabilit\u00e9 et de suppression des donn\u00e9es vous concernant.<br data-start=\"2697\" data-end=\"2700\" \/>Vous pouvez exercer vos droits en \u00e9crivant \u00e0 : contact@agirpourfalaise.com<\/p><p data-start=\"2772\" data-end=\"2822\">Aucune donn\u00e9e personnelle n\u2019est c\u00e9d\u00e9e \u00e0 des tiers.<\/p><hr data-start=\"1789\" data-end=\"1792\" \/>\t\t\t\t\t\t\t\t<\/div>\n\t\t\t\t<div class=\"elementor-element elementor-element-993a8c5 elementor-widget elementor-widget-heading\" data-id=\"993a8c5\" data-element_type=\"widget\" data-e-type=\"widget\" data-widget_type=\"heading.default\">\n\t\t\t\t\t<h2 class=\"elementor-heading-title elementor-size-default\">6. Cookies<\/h2>\t\t\t\t<\/div>\n\t\t\t\t<div class=\"elementor-element elementor-element-21e51c4 elementor-widget elementor-widget-text-editor\" data-id=\"21e51c4\" data-element_type=\"widget\" data-e-type=\"widget\" data-widget_type=\"text-editor.default\">\n\t\t\t\t\t\t\t\t\t<p>Le site peut utiliser des cookies \u00e0 des fins de mesure d\u2019audience (ex : Google Analytics) ou pour am\u00e9liorer l\u2019exp\u00e9rience utilisateur.<br data-start=\"2977\" data-end=\"2980\" \/>Vous pouvez configurer votre navigateur pour refuser tout ou partie des cookies.<\/p><hr data-start=\"1789\" data-end=\"1792\" \/>\t\t\t\t\t\t\t\t<\/div>\n\t\t\t\t<div class=\"elementor-element elementor-element-6578be2 elementor-widget elementor-widget-heading\" data-id=\"6578be2\" data-element_type=\"widget\" data-e-type=\"widget\" data-widget_type=\"heading.default\">\n\t\t\t\t\t<h2 class=\"elementor-heading-title elementor-size-default\">7. Droit applicable<\/h2>\t\t\t\t<\/div>\n\t\t\t\t<div class=\"elementor-element elementor-element-8c03f98 elementor-widget elementor-widget-text-editor\" data-id=\"8c03f98\" data-element_type=\"widget\" data-e-type=\"widget\" data-widget_type=\"text-editor.default\">\n\t\t\t\t\t\t\t\t\t<p>Le site et son contenu sont r\u00e9gis par le droit fran\u00e7ais.<br data-start=\"3147\" data-end=\"3150\" \/>Tout litige relatif \u00e0 l\u2019utilisation du site sera soumis aux juridictions fran\u00e7aises comp\u00e9tentes.<\/p><hr data-start=\"1789\" data-end=\"1792\" \/>\t\t\t\t\t\t\t\t<\/div>\n\t\t\t\t\t<\/div>\n\t\t\t\t<\/div>\n\t\t\t\t<\/div>\n\t\t","protected":false},"excerpt":{"rendered":"<p>Mentions L\u00e9gales Conform\u00e9ment aux articles 6-III et 19 de la Loi n\u00b0 2004-575 du 21 juin 2004 pour la Confiance dans l\u2019\u00e9conomie num\u00e9rique (LCEN), aux dispositions du Code \u00e9lectoral, et [&hellip;]<\/p>\n","protected":false},"author":2,"featured_media":0,"parent":0,"menu_order":0,"comment_status":"closed","ping_status":"closed","template":"","meta":{"_price":"","_stock":"","_tribe_ticket_header":"","_tribe_default_ticket_provider":"","_tribe_ticket_capacity":"0","_ticket_start_date":"","_ticket_end_date":"","_tribe_ticket_show_description":"","_tribe_ticket_show_not_going":false,"_tribe_ticket_use_global_stock":"","_tribe_ticket_global_stock_level":"","_global_stock_mode":"","_global_stock_cap":"","_tribe_rsvp_for_event":"","_tribe_ticket_going_count":"","_tribe_ticket_not_going_count":"","_tribe_tickets_list":"[]","_tribe_ticket_has_attendee_info_fields":false,"ocean_post_layout":"","ocean_both_sidebars_style":"","ocean_both_sidebars_content_width":0,"ocean_both_sidebars_sidebars_width":0,"ocean_sidebar":"","ocean_second_sidebar":"","ocean_disable_margins":"enable","ocean_add_body_class":"","ocean_shortcode_before_top_bar":"","ocean_shortcode_after_top_bar":"","ocean_shortcode_before_header":"","ocean_shortcode_after_header":"","ocean_has_shortcode":"","ocean_shortcode_after_title":"","ocean_shortcode_before_footer_widgets":"","ocean_shortcode_after_footer_widgets":"","ocean_shortcode_before_footer_bottom":"","ocean_shortcode_after_footer_bottom":"","ocean_display_top_bar":"default","ocean_display_header":"default","ocean_header_style":"","ocean_center_header_left_menu":"","ocean_custom_header_template":"","ocean_custom_logo":0,"ocean_custom_retina_logo":0,"ocean_custom_logo_max_width":0,"ocean_custom_logo_tablet_max_width":0,"ocean_custom_logo_mobile_max_width":0,"ocean_custom_logo_max_height":0,"ocean_custom_logo_tablet_max_height":0,"ocean_custom_logo_mobile_max_height":0,"ocean_header_custom_menu":"","ocean_menu_typo_font_family":"","ocean_menu_typo_font_subset":"","ocean_menu_typo_font_size":0,"ocean_menu_typo_font_size_tablet":0,"ocean_menu_typo_font_size_mobile":0,"ocean_menu_typo_font_size_unit":"px","ocean_menu_typo_font_weight":"","ocean_menu_typo_font_weight_tablet":"","ocean_menu_typo_font_weight_mobile":"","ocean_menu_typo_transform":"","ocean_menu_typo_transform_tablet":"","ocean_menu_typo_transform_mobile":"","ocean_menu_typo_line_height":0,"ocean_menu_typo_line_height_tablet":0,"ocean_menu_typo_line_height_mobile":0,"ocean_menu_typo_line_height_unit":"","ocean_menu_typo_spacing":0,"ocean_menu_typo_spacing_tablet":0,"ocean_menu_typo_spacing_mobile":0,"ocean_menu_typo_spacing_unit":"","ocean_menu_link_color":"","ocean_menu_link_color_hover":"","ocean_menu_link_color_active":"","ocean_menu_link_background":"","ocean_menu_link_hover_background":"","ocean_menu_link_active_background":"","ocean_menu_social_links_bg":"","ocean_menu_social_hover_links_bg":"","ocean_menu_social_links_color":"","ocean_menu_social_hover_links_color":"","ocean_disable_title":"default","ocean_disable_heading":"default","ocean_post_title":"","ocean_post_subheading":"","ocean_post_title_style":"","ocean_post_title_background_color":"","ocean_post_title_background":0,"ocean_post_title_bg_image_position":"","ocean_post_title_bg_image_attachment":"","ocean_post_title_bg_image_repeat":"","ocean_post_title_bg_image_size":"","ocean_post_title_height":0,"ocean_post_title_bg_overlay":0.5,"ocean_post_title_bg_overlay_color":"","ocean_disable_breadcrumbs":"default","ocean_breadcrumbs_color":"","ocean_breadcrumbs_separator_color":"","ocean_breadcrumbs_links_color":"","ocean_breadcrumbs_links_hover_color":"","ocean_display_footer_widgets":"default","ocean_display_footer_bottom":"default","ocean_custom_footer_template":"","omw_enable_modal_window":"enable","osh_disable_topbar_sticky":"default","osh_disable_header_sticky":"default","osh_sticky_header_style":"default","osh_sticky_header_effect":"","osh_custom_sticky_logo":0,"osh_custom_retina_sticky_logo":0,"osh_custom_sticky_logo_height":0,"osh_background_color":"","osh_links_color":"","osh_links_hover_color":"","osh_links_active_color":"","osh_links_bg_color":"","osh_links_hover_bg_color":"","osh_links_active_bg_color":"","osh_menu_social_links_color":"","osh_menu_social_hover_links_color":"","footnotes":"","_tec_slr_enabled":"","_tec_slr_layout":""},"class_list":["post-885","page","type-page","status-publish","hentry","entry"],"ticketed":false,"_links":{"self":[{"href":"https:\/\/agirpourfalaise.com\/index.php\/wp-json\/wp\/v2\/pages\/885","targetHints":{"allow":["GET"]}}],"collection":[{"href":"https:\/\/agirpourfalaise.com\/index.php\/wp-json\/wp\/v2\/pages"}],"about":[{"href":"https:\/\/agirpourfalaise.com\/index.php\/wp-json\/wp\/v2\/types\/page"}],"author":[{"embeddable":true,"href":"https:\/\/agirpourfalaise.com\/index.php\/wp-json\/wp\/v2\/users\/2"}],"replies":[{"embeddable":true,"href":"https:\/\/agirpourfalaise.com\/index.php\/wp-json\/wp\/v2\/comments?post=885"}],"version-history":[{"count":4,"href":"https:\/\/agirpourfalaise.com\/index.php\/wp-json\/wp\/v2\/pages\/885\/revisions"}],"predecessor-version":[{"id":889,"href":"https:\/\/agirpourfalaise.com\/index.php\/wp-json\/wp\/v2\/pages\/885\/revisions\/889"}],"wp:attachment":[{"href":"https:\/\/agirpourfalaise.com\/index.php\/wp-json\/wp\/v2\/media?parent=885"}],"curies":[{"name":"wp","href":"https:\/\/api.w.org\/{rel}","templated":true}]}}